{"id":151,"date":"2024-11-11T14:34:55","date_gmt":"2024-11-11T14:34:55","guid":{"rendered":"https:\/\/losquiltroscl.local\/?page_id=151"},"modified":"2025-09-01T10:25:34","modified_gmt":"2025-09-01T14:25:34","slug":"que-y-como","status":"publish","type":"page","link":"https:\/\/losquiltros.cl\/d\/?page_id=151","title":{"rendered":"Qu\u00e9 y C\u00f3mo"},"content":{"rendered":"\t\t<div data-elementor-type=\"wp-page\" data-elementor-id=\"151\" class=\"elementor elementor-151\" data-elementor-post-type=\"page\">\n\t\t\t\t<div class=\"elementor-element elementor-element-80cf321 e-flex e-con-boxed e-con e-parent\" data-id=\"80cf321\" data-element_type=\"container\">\n\t\t\t\t\t<div class=\"e-con-inner\">\n\t\t<div class=\"elementor-element elementor-element-af9e72f e-con-full e-flex e-con e-child\" data-id=\"af9e72f\" data-element_type=\"container\">\n\t\t\t\t<div class=\"elementor-element elementor-element-4200be0 elementor-widget elementor-widget-text-editor\" data-id=\"4200be0\" data-element_type=\"widget\" data-widget_type=\"text-editor.default\">\n\t\t\t\t<div class=\"elementor-widget-container\">\n\t\t\t\t\t\t\t\t\t<span style=\"font-size: 1.3em; line-height: 0.8em;\">y c\u00f3mo lo hacemos&#8230;<\/span>\t\t\t\t\t\t\t\t<\/div>\n\t\t\t\t<\/div>\n\t\t\t\t<\/div>\n\t\t<div class=\"elementor-element elementor-element-1315bb5 e-con-full e-flex e-con e-child\" data-id=\"1315bb5\" data-element_type=\"container\">\n\t\t\t\t<div class=\"elementor-element elementor-element-a89c3d8 elementor-widget elementor-widget-image\" data-id=\"a89c3d8\" data-element_type=\"widget\" data-widget_type=\"image.default\">\n\t\t\t\t<div class=\"elementor-widget-container\">\n\t\t\t\t\t\t\t\t\t\t\t\t\t\t\t<img fetchpriority=\"high\" decoding=\"async\" width=\"800\" height=\"800\" src=\"https:\/\/losquiltros.cl\/wp-content\/uploads\/2025\/08\/QyC-1.png\" class=\"attachment-large size-large wp-image-769\" alt=\"\" srcset=\"https:\/\/losquiltros.cl\/wp-content\/uploads\/2025\/08\/QyC-1.png 1327w, https:\/\/losquiltros.cl\/wp-content\/uploads\/2025\/08\/QyC-1-300x300.png 300w, https:\/\/losquiltros.cl\/wp-content\/uploads\/2025\/08\/QyC-1-150x150.png 150w, https:\/\/losquiltros.cl\/wp-content\/uploads\/2025\/08\/QyC-1-768x768.png 768w\" sizes=\"(max-width: 800px) 100vw, 800px\" \/>\t\t\t\t\t\t\t\t\t\t\t\t\t\t\t<\/div>\n\t\t\t\t<\/div>\n\t\t\t\t<\/div>\n\t\t<div class=\"elementor-element elementor-element-5ebdd1b e-con-full e-flex e-con e-child\" data-id=\"5ebdd1b\" data-element_type=\"container\">\n\t\t\t\t<div class=\"elementor-element elementor-element-f456af0 elementor-widget elementor-widget-text-editor\" data-id=\"f456af0\" data-element_type=\"widget\" data-widget_type=\"text-editor.default\">\n\t\t\t\t<div class=\"elementor-widget-container\">\n\t\t\t\t\t\t\t\t\t<p>Generando buenas conversaciones, para crear juntos grandes ideas, que logren buenos resultados<\/p>\t\t\t\t\t\t\t\t<\/div>\n\t\t\t\t<\/div>\n\t\t\t\t<\/div>\n\t\t\t\t\t<\/div>\n\t\t\t\t<\/div>\n\t\t<div class=\"elementor-element elementor-element-c6b7a32 e-flex e-con-boxed e-con e-parent\" data-id=\"c6b7a32\" data-element_type=\"container\">\n\t\t\t\t\t<div class=\"e-con-inner\">\n\t\t\t\t<div class=\"elementor-element elementor-element-9d90d83 elementor-widget elementor-widget-spacer\" data-id=\"9d90d83\" data-element_type=\"widget\" data-widget_type=\"spacer.default\">\n\t\t\t\t<div class=\"elementor-widget-container\">\n\t\t\t\t\t\t\t<div class=\"elementor-spacer\">\n\t\t\t<div class=\"elementor-spacer-inner\"><\/div>\n\t\t<\/div>\n\t\t\t\t\t\t<\/div>\n\t\t\t\t<\/div>\n\t\t\t\t\t<\/div>\n\t\t\t\t<\/div>\n\t\t<div class=\"elementor-element elementor-element-4c19281 e-flex e-con-boxed e-con e-parent\" data-id=\"4c19281\" data-element_type=\"container\">\n\t\t\t\t\t<div class=\"e-con-inner\">\n\t\t<div class=\"elementor-element elementor-element-0eeb8bb e-con-full e-flex e-con e-child\" data-id=\"0eeb8bb\" data-element_type=\"container\">\n\t\t\t\t<div class=\"elementor-element elementor-element-d6addd6 elementor-widget elementor-widget-text-editor\" data-id=\"d6addd6\" data-element_type=\"widget\" data-widget_type=\"text-editor.default\">\n\t\t\t\t<div class=\"elementor-widget-container\">\n\t\t\t\t\t\t\t\t\t<p>Conectados<br \/>con la calle<\/p>\t\t\t\t\t\t\t\t<\/div>\n\t\t\t\t<\/div>\n\t\t\t\t<\/div>\n\t\t<div class=\"elementor-element elementor-element-aa37853 e-con-full e-flex e-con e-child\" data-id=\"aa37853\" data-element_type=\"container\">\n\t\t\t\t<div class=\"elementor-element elementor-element-5d629bb elementor-widget elementor-widget-image\" data-id=\"5d629bb\" data-element_type=\"widget\" data-widget_type=\"image.default\">\n\t\t\t\t<div class=\"elementor-widget-container\">\n\t\t\t\t\t\t\t\t\t\t\t\t\t\t\t<img decoding=\"async\" width=\"800\" height=\"800\" src=\"https:\/\/losquiltros.cl\/wp-content\/uploads\/2025\/08\/QyC-2.png\" class=\"attachment-large size-large wp-image-770\" alt=\"\" srcset=\"https:\/\/losquiltros.cl\/wp-content\/uploads\/2025\/08\/QyC-2.png 1327w, https:\/\/losquiltros.cl\/wp-content\/uploads\/2025\/08\/QyC-2-300x300.png 300w, https:\/\/losquiltros.cl\/wp-content\/uploads\/2025\/08\/QyC-2-150x150.png 150w, https:\/\/losquiltros.cl\/wp-content\/uploads\/2025\/08\/QyC-2-768x768.png 768w\" sizes=\"(max-width: 800px) 100vw, 800px\" \/>\t\t\t\t\t\t\t\t\t\t\t\t\t\t\t<\/div>\n\t\t\t\t<\/div>\n\t\t\t\t<\/div>\n\t\t<div class=\"elementor-element elementor-element-e015bbb e-con-full e-flex e-con e-child\" data-id=\"e015bbb\" data-element_type=\"container\">\n\t\t\t\t<div class=\"elementor-element elementor-element-67ada57 elementor-widget elementor-widget-text-editor\" data-id=\"67ada57\" data-element_type=\"widget\" data-widget_type=\"text-editor.default\">\n\t\t\t\t<div class=\"elementor-widget-container\">\n\t\t\t\t\t\t\t\t\t<p>Adapt\u00e1ndonos al sistema, mir\u00e1ndolo, acerc\u00e1ndonos, conectados con la calle, con la vida real, con la experiencia. Por lo tanto no somos&#8230; estamos siendo<\/p>\t\t\t\t\t\t\t\t<\/div>\n\t\t\t\t<\/div>\n\t\t\t\t<\/div>\n\t\t\t\t\t<\/div>\n\t\t\t\t<\/div>\n\t\t<div class=\"elementor-element elementor-element-b4f9fe8 e-flex e-con-boxed e-con e-parent\" data-id=\"b4f9fe8\" data-element_type=\"container\">\n\t\t\t\t\t<div class=\"e-con-inner\">\n\t\t\t\t<div class=\"elementor-element elementor-element-93732ba elementor-widget elementor-widget-spacer\" data-id=\"93732ba\" data-element_type=\"widget\" data-widget_type=\"spacer.default\">\n\t\t\t\t<div class=\"elementor-widget-container\">\n\t\t\t\t\t\t\t<div class=\"elementor-spacer\">\n\t\t\t<div class=\"elementor-spacer-inner\"><\/div>\n\t\t<\/div>\n\t\t\t\t\t\t<\/div>\n\t\t\t\t<\/div>\n\t\t\t\t\t<\/div>\n\t\t\t\t<\/div>\n\t\t<div class=\"elementor-element elementor-element-3878e4d e-flex e-con-boxed e-con e-parent\" data-id=\"3878e4d\" data-element_type=\"container\">\n\t\t\t\t\t<div class=\"e-con-inner\">\n\t\t<div class=\"elementor-element elementor-element-0c69c86 e-con-full e-flex e-con e-child\" data-id=\"0c69c86\" data-element_type=\"container\">\n\t\t\t\t<div class=\"elementor-element elementor-element-262b571 elementor-widget elementor-widget-text-editor\" data-id=\"262b571\" data-element_type=\"widget\" data-widget_type=\"text-editor.default\">\n\t\t\t\t<div class=\"elementor-widget-container\">\n\t\t\t\t\t\t\t\t\t<p>Creando soluciones caso a caso<\/p>\t\t\t\t\t\t\t\t<\/div>\n\t\t\t\t<\/div>\n\t\t\t\t<\/div>\n\t\t<div class=\"elementor-element elementor-element-45229d7 e-con-full e-flex e-con e-child\" data-id=\"45229d7\" data-element_type=\"container\">\n\t\t\t\t<div class=\"elementor-element elementor-element-8f56d01 elementor-skin-carousel elementor-widget elementor-widget-media-carousel\" data-id=\"8f56d01\" data-element_type=\"widget\" data-settings=\"{&quot;slides_per_view&quot;:&quot;1&quot;,&quot;skin&quot;:&quot;carousel&quot;,&quot;effect&quot;:&quot;slide&quot;,&quot;speed&quot;:500,&quot;autoplay&quot;:&quot;yes&quot;,&quot;autoplay_speed&quot;:5000,&quot;loop&quot;:&quot;yes&quot;,&quot;pause_on_hover&quot;:&quot;yes&quot;,&quot;pause_on_interaction&quot;:&quot;yes&quot;,&quot;space_between&quot;:{&quot;unit&quot;:&quot;px&quot;,&quot;size&quot;:10,&quot;sizes&quot;:[]},&quot;space_between_tablet&quot;:{&quot;unit&quot;:&quot;px&quot;,&quot;size&quot;:10,&quot;sizes&quot;:[]},&quot;space_between_mobile&quot;:{&quot;unit&quot;:&quot;px&quot;,&quot;size&quot;:10,&quot;sizes&quot;:[]}}\" data-widget_type=\"media-carousel.default\">\n\t\t\t\t<div class=\"elementor-widget-container\">\n\t\t\t\t\t\t\t\t\t<div class=\"elementor-swiper\">\n\t\t\t\t\t<div class=\"elementor-main-swiper swiper\" role=\"region\" aria-roledescription=\"carousel\" aria-label=\"Slides\">\n\t\t\t\t<div class=\"swiper-wrapper\">\n\t\t\t\t\t\t\t\t\t\t\t<div class=\"swiper-slide\" role=\"group\" aria-roledescription=\"slide\">\n\t\t\t\t\t\t\t\t\t<div class=\"elementor-carousel-image\" role=\"img\" aria-label=\"QyC-4\" style=\"background-image: url(&#039;https:\/\/losquiltros.cl\/wp-content\/uploads\/2025\/08\/QyC-4.png&#039;)\">\n\n\t\t\t\n\t\t\t\t\t<\/div>\n\t\t\t\t\t\t\t\t<\/div>\n\t\t\t\t\t\t\t\t\t\t\t<div class=\"swiper-slide\" role=\"group\" aria-roledescription=\"slide\">\n\t\t\t\t\t\t\t\t\t<div class=\"elementor-carousel-image\" role=\"img\" aria-label=\"QyC-3\" style=\"background-image: url(&#039;https:\/\/losquiltros.cl\/wp-content\/uploads\/2025\/08\/QyC-3.png&#039;)\">\n\n\t\t\t\n\t\t\t\t\t<\/div>\n\t\t\t\t\t\t\t\t<\/div>\n\t\t\t\t\t\t\t\t\t<\/div>\n\t\t\t\t\t\t\t\t\t\t\t\t\t\t\t\t\t\t\t\t\t<\/div>\n\t\t\t\t<\/div>\n\t\t\t\t\t\t\t\t<\/div>\n\t\t\t\t<\/div>\n\t\t\t\t<\/div>\n\t\t<div class=\"elementor-element elementor-element-2684007 e-con-full e-flex e-con e-child\" data-id=\"2684007\" data-element_type=\"container\">\n\t\t\t\t<div class=\"elementor-element elementor-element-b5c420a elementor-widget elementor-widget-text-editor\" data-id=\"b5c420a\" data-element_type=\"widget\" data-widget_type=\"text-editor.default\">\n\t\t\t\t<div class=\"elementor-widget-container\">\n\t\t\t\t\t\t\t\t\t<p>As\u00ed es, sin f\u00f3rmulas m\u00e1gicas que se replican para todos por igual, escuchamos,\u00a0 tomamos lo que nos es \u00fatil y creamos la f\u00f3rmula para cada cliente, para cada marca.<\/p>\t\t\t\t\t\t\t\t<\/div>\n\t\t\t\t<\/div>\n\t\t\t\t<\/div>\n\t\t\t\t\t<\/div>\n\t\t\t\t<\/div>\n\t\t<div class=\"elementor-element elementor-element-dd90070 e-flex e-con-boxed e-con e-parent\" data-id=\"dd90070\" data-element_type=\"container\">\n\t\t\t\t\t<div class=\"e-con-inner\">\n\t\t\t\t<div class=\"elementor-element elementor-element-cb23df7 elementor-widget elementor-widget-spacer\" data-id=\"cb23df7\" data-element_type=\"widget\" data-widget_type=\"spacer.default\">\n\t\t\t\t<div class=\"elementor-widget-container\">\n\t\t\t\t\t\t\t<div class=\"elementor-spacer\">\n\t\t\t<div class=\"elementor-spacer-inner\"><\/div>\n\t\t<\/div>\n\t\t\t\t\t\t<\/div>\n\t\t\t\t<\/div>\n\t\t\t\t\t<\/div>\n\t\t\t\t<\/div>\n\t\t<div class=\"elementor-element elementor-element-e2d07a0 e-flex e-con-boxed e-con e-parent\" data-id=\"e2d07a0\" data-element_type=\"container\">\n\t\t\t\t\t<div class=\"e-con-inner\">\n\t\t<div class=\"elementor-element elementor-element-03414d9 e-con-full e-flex e-con e-child\" data-id=\"03414d9\" data-element_type=\"container\">\n\t\t<div class=\"elementor-element elementor-element-4e111c6 e-grid e-con-full e-con e-child\" data-id=\"4e111c6\" data-element_type=\"container\">\n\t\t\t\t<div class=\"elementor-element elementor-element-e692cd2 elementor-widget elementor-widget-text-editor\" data-id=\"e692cd2\" data-element_type=\"widget\" data-widget_type=\"text-editor.default\">\n\t\t\t\t<div class=\"elementor-widget-container\">\n\t\t\t\t\t\t\t\t\t<p>Y con una f\u00f3rmula de operar diferente<\/p>\t\t\t\t\t\t\t\t<\/div>\n\t\t\t\t<\/div>\n\t\t\t\t<\/div>\n\t\t\t\t<\/div>\n\t\t<div class=\"elementor-element elementor-element-4b10dfe e-con-full e-flex e-con e-child\" data-id=\"4b10dfe\" data-element_type=\"container\">\n\t\t\t\t<div class=\"elementor-element elementor-element-a7078f5 elementor-widget elementor-widget-image\" data-id=\"a7078f5\" data-element_type=\"widget\" data-widget_type=\"image.default\">\n\t\t\t\t<div class=\"elementor-widget-container\">\n\t\t\t\t\t\t\t\t\t\t\t\t\t\t\t<img decoding=\"async\" width=\"800\" height=\"800\" src=\"https:\/\/losquiltros.cl\/wp-content\/uploads\/2025\/08\/QyC-5.png\" class=\"attachment-large size-large wp-image-773\" alt=\"\" srcset=\"https:\/\/losquiltros.cl\/wp-content\/uploads\/2025\/08\/QyC-5.png 1327w, https:\/\/losquiltros.cl\/wp-content\/uploads\/2025\/08\/QyC-5-300x300.png 300w, https:\/\/losquiltros.cl\/wp-content\/uploads\/2025\/08\/QyC-5-150x150.png 150w, https:\/\/losquiltros.cl\/wp-content\/uploads\/2025\/08\/QyC-5-768x768.png 768w\" sizes=\"(max-width: 800px) 100vw, 800px\" \/>\t\t\t\t\t\t\t\t\t\t\t\t\t\t\t<\/div>\n\t\t\t\t<\/div>\n\t\t\t\t<\/div>\n\t\t<div class=\"elementor-element elementor-element-539a7e8 e-con-full e-flex e-con e-child\" data-id=\"539a7e8\" data-element_type=\"container\">\n\t\t<div class=\"elementor-element elementor-element-c8771d2 e-grid e-con-full e-con e-child\" data-id=\"c8771d2\" data-element_type=\"container\">\n\t\t\t\t<div class=\"elementor-element elementor-element-6bf624f elementor-widget elementor-widget-text-editor\" data-id=\"6bf624f\" data-element_type=\"widget\" data-widget_type=\"text-editor.default\">\n\t\t\t\t<div class=\"elementor-widget-container\">\n\t\t\t\t\t\t\t\t\t<p>Nuestras \u00c1reas<\/p>\t\t\t\t\t\t\t\t<\/div>\n\t\t\t\t<\/div>\n\t\t\t\t<div class=\"elementor-element elementor-element-89abd3b elementor-icon-list--layout-traditional elementor-list-item-link-full_width elementor-widget elementor-widget-icon-list\" data-id=\"89abd3b\" data-element_type=\"widget\" data-widget_type=\"icon-list.default\">\n\t\t\t\t<div class=\"elementor-widget-container\">\n\t\t\t\t\t\t\t<ul class=\"elementor-icon-list-items\">\n\t\t\t\t\t\t\t<li class=\"elementor-icon-list-item\">\n\t\t\t\t\t\t\t\t\t\t\t<span class=\"elementor-icon-list-icon\">\n\t\t\t\t\t\t\t<svg xmlns=\"http:\/\/www.w3.org\/2000\/svg\" id=\"a\" width=\"27.76\" height=\"28.02\" viewBox=\"0 0 27.76 28.02\"><path d=\"M13.88,0C6.21,0,0,6.21,0,13.88c0,3.41,1.23,6.54,3.28,8.96l-.82,5.19,4.94-1.87c1.93,1.02,4.14,1.6,6.48,1.6,7.66,0,13.88-6.21,13.88-13.88S21.54,0,13.88,0Z\" fill=\"#b69966\"><\/path><text transform=\"translate(10.85 17.77) scale(1.04 1)\" fill=\"#fff\" font-family=\"ITCFranklinGothicStd-Hvy, 'ITC Franklin Gothic Std'\" font-size=\"11.23\" letter-spacing=\"-.02em\"><tspan x=\"0\" y=\"0\">1<\/tspan><\/text><\/svg>\t\t\t\t\t\t<\/span>\n\t\t\t\t\t\t\t\t\t\t<span class=\"elementor-icon-list-text\">Conversaci\u00f3n<\/span>\n\t\t\t\t\t\t\t\t\t<\/li>\n\t\t\t\t\t\t\t\t<li class=\"elementor-icon-list-item\">\n\t\t\t\t\t\t\t\t\t\t\t<span class=\"elementor-icon-list-icon\">\n\t\t\t\t\t\t\t<svg xmlns=\"http:\/\/www.w3.org\/2000\/svg\" id=\"a\" width=\"27.76\" height=\"28.02\" viewBox=\"0 0 27.76 28.02\"><path d=\"M13.88,0C6.21,0,0,6.21,0,13.88c0,3.41,1.23,6.54,3.28,8.96l-.82,5.19,4.94-1.87c1.93,1.02,4.14,1.6,6.48,1.6,7.66,0,13.88-6.21,13.88-13.88S21.54,0,13.88,0Z\" fill=\"#b69966\"><\/path><text transform=\"translate(10.85 17.77) scale(1.04 1)\" fill=\"#fff\" font-family=\"ITCFranklinGothicStd-Hvy, 'ITC Franklin Gothic Std'\" font-size=\"11.23\" letter-spacing=\"-.02em\"><tspan x=\"0\" y=\"0\">2<\/tspan><\/text><\/svg>\t\t\t\t\t\t<\/span>\n\t\t\t\t\t\t\t\t\t\t<span class=\"elementor-icon-list-text\">Vinculaci\u00f3n<\/span>\n\t\t\t\t\t\t\t\t\t<\/li>\n\t\t\t\t\t\t\t\t<li class=\"elementor-icon-list-item\">\n\t\t\t\t\t\t\t\t\t\t\t<a href=\"https:\/\/Inspiraci\u00f3n\">\n\n\t\t\t\t\t\t\t\t\t\t\t\t<span class=\"elementor-icon-list-icon\">\n\t\t\t\t\t\t\t<svg xmlns=\"http:\/\/www.w3.org\/2000\/svg\" id=\"a\" width=\"27.76\" height=\"28.02\" viewBox=\"0 0 27.76 28.02\"><path d=\"M13.88,0C6.21,0,0,6.21,0,13.88c0,3.41,1.23,6.54,3.28,8.96l-.82,5.19,4.94-1.87c1.93,1.02,4.14,1.6,6.48,1.6,7.66,0,13.88-6.21,13.88-13.88S21.54,0,13.88,0Z\" fill=\"#b69966\"><\/path><text transform=\"translate(10.85 17.77) scale(1.04 1)\" fill=\"#fff\" font-family=\"ITCFranklinGothicStd-Hvy, 'ITC Franklin Gothic Std'\" font-size=\"11.23\" letter-spacing=\"-.02em\"><tspan x=\"0\" y=\"0\">3<\/tspan><\/text><\/svg>\t\t\t\t\t\t<\/span>\n\t\t\t\t\t\t\t\t\t\t<span class=\"elementor-icon-list-text\">Inspiraci\u00f3n<\/span>\n\t\t\t\t\t\t\t\t\t\t\t<\/a>\n\t\t\t\t\t\t\t\t\t<\/li>\n\t\t\t\t\t\t\t\t<li class=\"elementor-icon-list-item\">\n\t\t\t\t\t\t\t\t\t\t\t<span class=\"elementor-icon-list-icon\">\n\t\t\t\t\t\t\t<svg xmlns=\"http:\/\/www.w3.org\/2000\/svg\" id=\"a\" width=\"27.76\" height=\"28.02\" viewBox=\"0 0 27.76 28.02\"><path d=\"M13.88,0C6.21,0,0,6.21,0,13.88c0,3.41,1.23,6.54,3.28,8.96l-.82,5.19,4.94-1.87c1.93,1.02,4.14,1.6,6.48,1.6,7.66,0,13.88-6.21,13.88-13.88S21.54,0,13.88,0Z\" fill=\"#b69966\"><\/path><text transform=\"translate(10.85 17.77) scale(1.04 1)\" fill=\"#fff\" font-family=\"ITCFranklinGothicStd-Hvy, 'ITC Franklin Gothic Std'\" font-size=\"11.23\" letter-spacing=\"-.02em\"><tspan x=\"0\" y=\"0\">4<\/tspan><\/text><\/svg>\t\t\t\t\t\t<\/span>\n\t\t\t\t\t\t\t\t\t\t<span class=\"elementor-icon-list-text\">Innovaci\u00f3n<\/span>\n\t\t\t\t\t\t\t\t\t<\/li>\n\t\t\t\t\t\t\t\t<li class=\"elementor-icon-list-item\">\n\t\t\t\t\t\t\t\t\t\t\t<span class=\"elementor-icon-list-icon\">\n\t\t\t\t\t\t\t<svg xmlns=\"http:\/\/www.w3.org\/2000\/svg\" id=\"a\" width=\"27.76\" height=\"28.02\" viewBox=\"0 0 27.76 28.02\"><path d=\"M13.88,0C6.21,0,0,6.21,0,13.88c0,3.41,1.23,6.54,3.28,8.96l-.82,5.19,4.94-1.87c1.93,1.02,4.14,1.6,6.48,1.6,7.66,0,13.88-6.21,13.88-13.88S21.54,0,13.88,0Z\" fill=\"#b69966\"><\/path><text transform=\"translate(10.85 17.77) scale(1.04 1)\" fill=\"#fff\" font-family=\"ITCFranklinGothicStd-Hvy, 'ITC Franklin Gothic Std'\" font-size=\"11.23\" letter-spacing=\"-.02em\"><tspan x=\"0\" y=\"0\">5<\/tspan><\/text><\/svg>\t\t\t\t\t\t<\/span>\n\t\t\t\t\t\t\t\t\t\t<span class=\"elementor-icon-list-text\">Abundancia<\/span>\n\t\t\t\t\t\t\t\t\t<\/li>\n\t\t\t\t\t\t\t\t<li class=\"elementor-icon-list-item\">\n\t\t\t\t\t\t\t\t\t\t\t<span class=\"elementor-icon-list-icon\">\n\t\t\t\t\t\t\t<svg xmlns=\"http:\/\/www.w3.org\/2000\/svg\" id=\"a\" width=\"27.76\" height=\"28.02\" viewBox=\"0 0 27.76 28.02\"><path d=\"M13.88,0C6.21,0,0,6.21,0,13.88c0,3.41,1.23,6.54,3.28,8.96l-.82,5.19,4.94-1.87c1.93,1.02,4.14,1.6,6.48,1.6,7.66,0,13.88-6.21,13.88-13.88S21.54,0,13.88,0Z\" fill=\"#b69966\"><\/path><text transform=\"translate(10.85 17.77) scale(1.04 1)\" fill=\"#fff\" font-family=\"ITCFranklinGothicStd-Hvy, 'ITC Franklin Gothic Std'\" font-size=\"11.23\" letter-spacing=\"-.02em\"><tspan x=\"0\" y=\"0\">6<\/tspan><\/text><\/svg>\t\t\t\t\t\t<\/span>\n\t\t\t\t\t\t\t\t\t\t<span class=\"elementor-icon-list-text\">Impacto<\/span>\n\t\t\t\t\t\t\t\t\t<\/li>\n\t\t\t\t\t\t<\/ul>\n\t\t\t\t\t\t<\/div>\n\t\t\t\t<\/div>\n\t\t\t\t<\/div>\n\t\t\t\t<\/div>\n\t\t\t\t\t<\/div>\n\t\t\t\t<\/div>\n\t\t\t\t<\/div>\n\t\t","protected":false},"excerpt":{"rendered":"<p>y c\u00f3mo lo hacemos&#8230; Generando buenas conversaciones, para crear juntos grandes ideas, que logren buenos resultados Conectadoscon la calle Adapt\u00e1ndonos al sistema, mir\u00e1ndolo, acerc\u00e1ndonos, conectados con la calle, con la vida real, con la experiencia. Por lo tanto no somos&#8230; estamos siendo Creando soluciones caso a caso As\u00ed es, sin f\u00f3rmulas m\u00e1gicas que se replican [&hellip;]<\/p>\n","protected":false},"author":1,"featured_media":0,"parent":0,"menu_order":0,"comment_status":"closed","ping_status":"closed","template":"elementor_header_footer","meta":{"footnotes":""},"class_list":["post-151","page","type-page","status-publish","hentry"],"_links":{"self":[{"href":"https:\/\/\/losquiltros.cl\/d\/index.php?rest_route=\/wp\/v2\/pages\/151"}],"collection":[{"href":"https:\/\/\/losquiltros.cl\/d\/index.php?rest_route=\/wp\/v2\/pages"}],"about":[{"href":"https:\/\/\/losquiltros.cl\/d\/index.php?rest_route=\/wp\/v2\/types\/page"}],"author":[{"embeddable":true,"href":"https:\/\/\/losquiltros.cl\/d\/index.php?rest_route=\/wp\/v2\/users\/1"}],"replies":[{"embeddable":true,"href":"https:\/\/\/\/losquiltros.cl\/d\/index.php?rest_route=%2Fwp%2Fv2%2Fcomments&post=151"}],"version-history":[{"count":43,"href":"https:\/\/\/losquiltros.cl\/d\/index.php?rest_route=\/wp\/v2\/pages\/151\/revisions"}],"predecessor-version":[{"id":883,"href":"https:\/\/\/losquiltros.cl\/d\/index.php?rest_route=\/wp\/v2\/pages\/151\/revisions\/883"}],"wp:attachment":[{"href":"https:\/\/\/\/losquiltros.cl\/d\/index.php?rest_route=%2Fwp%2Fv2%2Fmedia&parent=151"}],"curies":[{"name":"wp","href":"https:\/\/api.w.org\/{rel}","templated":true}]}}